{"id":474,"date":"2019-03-20T23:31:13","date_gmt":"2019-03-20T23:31:13","guid":{"rendered":"https:\/\/www.costaricasurfandsup.com\/sitio\/?page_id=474"},"modified":"2025-11-29T22:25:05","modified_gmt":"2025-11-29T22:25:05","slug":"new-francais","status":"publish","type":"page","link":"https:\/\/www.costaricasurfandsup.com\/sitio\/fr\/new-francais\/","title":{"rendered":"New Francais"},"content":{"rendered":"<div id=\"about\" class=\"aboutus\">\n<p>&nbsp;<\/p>\n<div class=\"audrey\">\n<div class=\"divleft1\">\n<p>&nbsp;<\/p>\n<div id=\"metaslider-id-1309\" style=\"max-width: 500px; margin: 0 auto;\" class=\"ml-slider-3-104-0 metaslider metaslider-flex metaslider-1309 ml-slider ms-theme-default nav-hidden\" role=\"region\" aria-label=\"New Slideshow\" data-height=\"600\" data-width=\"500\">\n    <div id=\"metaslider_container_1309\">\n        <div id=\"metaslider_1309\">\n            <ul class='slides'>\n                <li style=\"display: block; width: 100%;\" class=\"slide-1313 ms-image \" aria-roledescription=\"slide\" data-date=\"2022-10-14 16:02:49\" data-filename=\"woman-on-beach-with-surfboard.webp\" data-slide-type=\"image\"><img loading=\"lazy\" decoding=\"async\" src=\"https:\/\/www.costaricasurfandsup.com\/sitio\/wp-content\/uploads\/2022\/10\/woman-on-beach-with-surfboard.webp\" height=\"600\" width=\"500\" alt=\"woman on beach with surfboard\" class=\"slider-1309 slide-1313 msDefaultImage\" title=\"woman-on-beach-with-surfboard\" \/><\/li>\n                <li style=\"display: none; width: 100%;\" class=\"slide-1314 ms-image \" aria-roledescription=\"slide\" data-date=\"2022-10-14 16:02:49\" data-filename=\"group-women-with-surfboard-2.webp\" data-slide-type=\"image\"><img loading=\"lazy\" decoding=\"async\" src=\"https:\/\/www.costaricasurfandsup.com\/sitio\/wp-content\/uploads\/2022\/10\/group-women-with-surfboard-2.webp\" height=\"600\" width=\"500\" alt=\"group of women with surfboards\" class=\"slider-1309 slide-1314 msDefaultImage\" title=\"group-women-with-surfboard-2\" \/><\/li>\n                <li style=\"display: none; width: 100%;\" class=\"slide-1315 ms-image \" aria-roledescription=\"slide\" data-date=\"2022-10-14 16:02:50\" data-filename=\"woman-with-supboard-1.webp\" data-slide-type=\"image\"><img loading=\"lazy\" decoding=\"async\" src=\"https:\/\/www.costaricasurfandsup.com\/sitio\/wp-content\/uploads\/2022\/10\/woman-with-supboard-1.webp\" height=\"600\" width=\"500\" alt=\"woman holding a supboard\" class=\"slider-1309 slide-1315 msDefaultImage\" title=\"woman-with-supboard-1\" \/><\/li>\n            <\/ul>\n        <\/div>\n        \n    <\/div>\n<\/div><\/div>\n<div class=\"divright1\">\n<h1 style=\"text-align: center; font-family: fonty3; color: #f6bc61;\">Salut, je suis Audrey &#8230;<\/h1>\n<p>&#8230;et je serai heureux d&#8217;\u00eatre votre moniteur de surf et guide de SUP \u00e0 Santa Teresa, Costa Rica.<\/p>\n<p>Je vis dans la r\u00e9gion de Nicoya depuis des ann\u00e9es et j&#8217;ai trouv\u00e9 des endroits incroyables pour surfer et faire du SUP.<br \/> <br \/>\nJe suis un sauveteur certifi\u00e9 et je parle le fran\u00e7ais, l&#8217;espagnol et l&#8217;anglais.<br \/> <br \/>\nJe vous invite \u00e0 explorer le reste du site pour trouver plus d&#8217;informations sur les <a href=\"#lecciones\"> le\u00e7ons de surf <\/a> et les <a href=\"https:\/\/www.costaricasurfandsup.com\/sitio\/fr\/forfaits-surf-et-sup\/\">tours de SUP<\/a>.<br \/> <br \/>\nJ&#8217;ai \u00e9t\u00e9 pr\u00e9sent\u00e9 sur la page Web Wandering Soles, dans l&#8217;article &#8220;11 meilleures choses \u00e0 faire \u00e0 Santa Teresa&#8221;, visitez le message <a href=\"https:\/\/www.twowanderingsoles.com\/blog\/things-to-do-in-santa-teresa-montezuma\/#block-yui_3_17_2_1_1532953600513_101943\" target=\"blank \" rel=\"noopener noreferrer\">en cliquant ici.<\/a><\/p>\n<p>&nbsp;<\/p>\n<p>&nbsp;<\/p>\n<\/div>\n<\/div>\n<p><!-- lecciones --><\/p>\n<div class=\"lecciones\">\n<p id=\"lecciones\">&nbsp;<\/p>\n<h1 style=\"text-align: center; font-family: fonty3; color: #f6bc61;\">Cours de surf<\/h1>\n<p>Pr\u00eat \u00e0 surfer? Regardez les diff\u00e9rentes options que j&#8217;ai pour les cours de surf.<br \/>\nSi vous avez des questions ou si vous souhaitez r\u00e9server, \u00e9crivez-nous en remplissant notre formulaire de contact <a href=\"https:\/\/www.costaricasurfandsup.com\/sitio\/fr\/contactez-moi\/\">ici<\/a>.<\/p>\n<p>&nbsp;<\/p>\n<p><!-- private --><\/p>\n<div id=\"privatelesson\">\n<h3 style=\"color: #f6bc61\">Cours de Surf Priv\u00e9: 90$<\/h3>\n<p>90 minutes de cours pour une personne.<br \/>\nIl est recommand\u00e9 d apporter de l eau, de la creme solaire et un appareil foto waterproof .<br \/>\nLes planches de surf et les licras sont inclus<\/p>\n<div class=\"lessons\"><img decoding=\"async\" loading=\"lazy\" src=\"https:\/\/www.costaricasurfandsup.com\/sitio\/wp-content\/uploads\/2022\/05\/personal4.webp\" alt=\"woman with surfboard\" width=\"225\" height=\"299\" class=\"alignnone size-full wp-image-1182\" \/><img decoding=\"async\" loading=\"lazy\" src=\"https:\/\/www.costaricasurfandsup.com\/sitio\/wp-content\/uploads\/2022\/05\/personal3.webp\" alt=\"two women holding a surfboard\" width=\"225\" height=\"299\" class=\"alignnone size-full wp-image-1183\" \/><img decoding=\"async\" loading=\"lazy\" src=\"https:\/\/www.costaricasurfandsup.com\/sitio\/wp-content\/uploads\/2022\/05\/personal2.webp\" alt=\"woman surfing\" width=\"225\" height=\"300\" class=\"alignnone size-full wp-image-1184\" \/><\/div>\n<p>&nbsp;<\/p>\n<p><a href=\"https:\/\/www.costaricasurfandsup.com\/sitio\/fr\/contactez-moi\/\" class=\"miboton\">R\u00e9server un cours<\/a><\/p>\n<p>&nbsp;<\/p>\n<\/div>\n<p>&nbsp;<\/p>\n<hr>\n<p>&nbsp;<\/p>\n<p><!-- semi-private --><\/p>\n<div id=\"semiprivatelesson\">\n<h3 style=\"color: #f6bc61\">Cours de surf semi-priv\u00e9: 75$ par person<\/h3>\n<p>90 minutes de cours de surf seulement pour vous, avec des tonnes de conseils!!<br \/>\nIl est recommand\u00e9 d apporter de l eau, de la creme solaire et un appareil foto waterproof.<br \/>\nLes planches de surf et les licras sont inclus<\/p>\n<div class=\"lessons\"><img loading=\"lazy\" decoding=\"async\" src=\"https:\/\/www.costaricasurfandsup.com\/sitio\/wp-content\/uploads\/2022\/10\/leccionprivada3.webp\" alt=\"\" width=\"225\" height=\"299\" class=\"alignnone size-full wp-image-1360\" \/><img loading=\"lazy\" decoding=\"async\" src=\"https:\/\/www.costaricasurfandsup.com\/sitio\/wp-content\/uploads\/2022\/10\/leccionprivada2.webp\" alt=\"\" width=\"225\" height=\"299\" class=\"alignnone size-large wp-image-1361\" \/><img loading=\"lazy\" decoding=\"async\" src=\"https:\/\/www.costaricasurfandsup.com\/sitio\/wp-content\/uploads\/2022\/10\/leccionprivada1.webp\" alt=\"\" width=\"225\" height=\"299\" class=\"alignnone size-large wp-image-1362\" \/><\/div>\n<p>&nbsp;<\/p>\n<p><a href=\"https:\/\/www.costaricasurfandsup.com\/sitio\/fr\/contactez-moi\/\" class=\"miboton\">R\u00e9server un cours<\/a><\/p>\n<p>&nbsp;<\/p>\n<\/div>\n<p>&nbsp;<\/p>\n<hr>\n<p>&nbsp;<\/p>\n<p><!-- group lessons --><\/p>\n<div id=\"grouplesson\">\n<h3 style=\"color: #f6bc61\">Le\u00e7on de surf en groupe: 65$ par person<\/h3>\n<p>90 minutes de cours de surf pour vous et vos amis ou votre famille.<br \/>\nIl est recommand\u00e9 d apporter de l eau, de la creme solaire et un appareil foto waterproof.<br \/>\nles planches de surf et les licras sont inclus<br \/>\nQuota maximum, 3 personnes par enseignant.<\/p>\n<div class=\"lessons\"><img loading=\"lazy\" decoding=\"async\" src=\"https:\/\/www.costaricasurfandsup.com\/sitio\/wp-content\/uploads\/2022\/10\/grupo3.webp\" alt=\"\" width=\"225\" height=\"300\" class=\"alignnone size-full wp-image-1356\" \/><img loading=\"lazy\" decoding=\"async\" src=\"https:\/\/www.costaricasurfandsup.com\/sitio\/wp-content\/uploads\/2022\/10\/grupo2.webp\" alt=\"\" width=\"225\" height=\"300\" class=\"alignnone size-large wp-image-1357\" \/><img loading=\"lazy\" decoding=\"async\" src=\"https:\/\/www.costaricasurfandsup.com\/sitio\/wp-content\/uploads\/2022\/10\/grupo1.webp\" alt=\"\" width=\"225\" height=\"300\" class=\"alignnone size-large wp-image-1358\" \/><\/div>\n<p>&nbsp;<\/p>\n<p><a href=\"https:\/\/www.costaricasurfandsup.com\/sitio\/fr\/contactez-moi\/\" class=\"miboton\">R\u00e9server un cours<\/a><\/p>\n<p>&nbsp;<\/p>\n<\/div>\n<p>&nbsp;<\/p>\n<hr>\n<p>&nbsp;<\/p>\n<p><!-- kid lessons --><\/p>\n<div id=\"kidslesson\">\n<h3 style=\"color: #f6bc61\">Cours de surf pour les enfants<\/h3>\n<p>90$ Priv\u00e9, 75$\/personne semi-priv\u00e9, 65$\/personne en groupe(Max 3 enfants).<br \/>\n90 minutes de cours de surf.<br \/>\nIl est recommand\u00e9 d apporter de l\u00b4eau, de la creme solaire et un appareil foto waterproof.<br \/>\nles planches de surf et les licras sont inclus.<br \/>\nQuota maximum, 2 personnes par enseignant.<\/p>\n<div class=\"lessons\"><img decoding=\"async\" loading=\"lazy\" src=\"https:\/\/www.costaricasurfandsup.com\/sitio\/wp-content\/uploads\/2022\/05\/grupal4.webp\" alt=\"couple with surfboard on their heads\" width=\"225\" height=\"300\" class=\"alignnone size-full wp-image-1191\" \/><img decoding=\"async\" loading=\"lazy\" src=\"https:\/\/www.costaricasurfandsup.com\/sitio\/wp-content\/uploads\/2022\/05\/semiprivate.webp\" alt=\"two men and two surfboards\" width=\"225\" height=\"300\" class=\"alignnone size-full wp-image-1187\" \/><img decoding=\"async\" loading=\"lazy\" src=\"https:\/\/www.costaricasurfandsup.com\/sitio\/wp-content\/uploads\/2022\/05\/grupal2.webp\" alt=\"two women holding a board\" width=\"225\" height=\"300\" class=\"alignnone size-full wp-image-1193\" \/><\/div>\n<p>&nbsp;<\/p>\n<p><a href=\"https:\/\/www.costaricasurfandsup.com\/sitio\/fr\/contactez-moi\/\" class=\"miboton\">R\u00e9server un cours<\/a><\/p>\n<p>&nbsp;<\/p>\n<\/div>\n<p>&nbsp;<\/p>\n<p>&nbsp;<\/p>\n<\/div>\n<p><!-- sup --><!-- socios --><\/p>\n<div class=\"socios\" style=\"max-width:1180px;\">\n<h2 style=\"text-align: center; font-family: fonty3; color: #f6bc61;\">Plus de 40 avis cinq \u00e9toiles sur Google Maps<\/h2>\n<p>Depuis 7 ans, je maintiens un score parfait. D\u00e9couvrez ce que certains clients ont dit \u00e0 propos de mes cours de surf.<\/p>\n<p>&nbsp;<\/p>\n<h3>Lee<\/h3>\n<p>Je n&#8217;avais aucune id\u00e9e du surf avant de venir \u00e0 Santa Teresa, mais Audrey m&#8217;a permis de prendre des vagues et de me lever en une heure ! Il y a d&#8217;abord 20 minutes d&#8217;explications sur terre, ce qui semble \u00eatre beaucoup d&#8217;informations \u00e0 assimiler, mais une fois que vous \u00eates dans l&#8217;eau, tout commence \u00e0 prendre sens tr\u00e8s rapidement. Audrey est une instructrice tr\u00e8s patiente et minutieuse, et j&#8217;ai appr\u00e9ci\u00e9 la fa\u00e7on dont elle donne un retour constructif sur la fa\u00e7on de s&#8217;am\u00e9liorer \u00e0 chaque fois &#8211; allez la voir si vous \u00eates \u00e0 Santa Teresa !<\/p>\n<p>&nbsp;<\/p>\n<h3>John Harris<\/h3>\n<p>Je ne remercierai jamais assez Audrey pour la qualit\u00e9 de ses le\u00e7ons et pour l&#8217;exp\u00e9rience qu&#8217;elle m&#8217;a fait vivre. Si vous voulez apprendre \u00e0 surfer, c&#8217;est l&#8217;endroit id\u00e9al. Notre groupe \u00e9tait tr\u00e8s vari\u00e9 en termes d&#8217;exp\u00e9rience et de capacit\u00e9s. Cependant, Audrey nous a accord\u00e9 l&#8217;attention individuelle dont nous avions tous besoin. En plus de nous donner d&#8217;excellents cours, elle a eu la gentillesse de s&#8217;occuper de la location de notre planche pour la semaine.<\/p>\n<p>&nbsp;<\/p>\n<h3>Freddy Svanholm<\/h3>\n<p>Audrey \u00e9tait tr\u00e8s patiente et bien inform\u00e9e, nous nous sommes toujours sentis en s\u00e9curit\u00e9 et avons beaucoup appris pendant le cours. Hautement recommand\u00e9 !<\/p>\n<p>&nbsp;<\/p>\n<p>Pour plus d&#8217;avis sur Google, veuillez consulter mon profil  <a href=\"https:\/\/www.google.com\/maps\/place\/Costa+Rica+Surf+and+Sup\/@9.6264338,-85.1514917,17z\/data=!4m8!3m7!1s0x8f9f6f3a384cb5cd:0xd5ec23e70660cbc5!8m2!3d9.6264338!4d-85.1514917!9m1!1b1!16s%2Fg%2F11f5_6vh2v?entry=ttu&#038;g_ep=EgoyMDI1MDEwOC4wIKXMDSoASAFQAw%3D%3D\" rel=\"noopener\" target=\"_blank\">ici<\/a>.<\/p>\n<p>&nbsp;<\/p>\n<\/div>\n<p>&nbsp;<\/p>\n<\/div>\n<div class=\"partners\" style=\"background-color: rgba(87, 35, 100, 0.95);\">\n<div style=\"max-width:1180px; margin:0 auto;\">\n<p id=\"partners\">&nbsp;<\/p>\n<h2 style=\"text-align: center; font-family: fonty3; color: #f6bc61;\">Partners<\/h2>\n<ul>\n<li>\n<p><img decoding=\"async\" loading=\"lazy\" src=\"https:\/\/www.costaricasurfandsup.com\/sitio\/wp-content\/uploads\/2022\/04\/costarider-1.webp\" alt=\"\" width=\"200\" height=\"200\" class=\"aligncenter size-full wp-image-1085\" \/>V\u00e9hicules qui ont \u00e9t\u00e9 sp\u00e9cialement modifi\u00e9s, con\u00e7us et adapt\u00e9s pour vous donner en tant que voyageur, une compl\u00e8te ind\u00e9pendance dans votre d\u00e9couverte du Costa Rica.<\/p>\n<p><a href=\"https:\/\/www.costarider-campervan.com\">www.costarider-campervan.com<\/a><\/p>\n<\/li>\n<li>\n<p><img decoding=\"async\" loading=\"lazy\" src=\"https:\/\/www.costaricasurfandsup.com\/sitio\/wp-content\/uploads\/2022\/04\/pvm-1.webp\" alt=\"tour guide on motorcycle\" width=\"200\" height=\"200\" class=\"aligncenter size-full wp-image-1089\" \/>Puravida Motorbike est un voyagiste au Costa Rica, sp\u00e9cialis\u00e9 dans les circuits \u00e0 moto \u00e0 travers le pays. Ils organisent tout pour vous. Roulez et profitez du voyage.<\/p>\n<p><a href=\"https:\/\/www.puravidamotorbike.com\/site\/\">www.puravidamotorbike.com<\/a><\/p>\n<\/li>\n<\/ul>\n<p>&nbsp;<\/p>\n<\/div>\n<\/div>\n","protected":false},"excerpt":{"rendered":"<p>&nbsp; &nbsp; Salut, je suis Audrey &#8230; &#8230;et je serai heureux d&#8217;\u00eatre votre moniteur de surf et guide de SUP \u00e0 Santa Teresa, Costa Rica. Je vis dans la r\u00e9gion de Nicoya depuis des ann\u00e9es et j&#8217;ai trouv\u00e9 des endroits incroyables pour surfer et faire du SUP. Je suis un sauveteur certifi\u00e9 et je parle &hellip; <a href=\"https:\/\/www.costaricasurfandsup.com\/sitio\/fr\/new-francais\/\" class=\"more-link\">Continue reading <span class=\"screen-reader-text\">New Francais<\/span> <span class=\"meta-nav\">&rarr;<\/span><\/a><\/p>\n","protected":false},"author":1,"featured_media":0,"parent":0,"menu_order":0,"comment_status":"closed","ping_status":"closed","template":"","meta":{"footnotes":""},"class_list":["post-474","page","type-page","status-publish","hentry"],"yoast_head":"<!-- This site is optimized with the Yoast SEO plugin v25.3.1 - https:\/\/yoast.com\/wordpress\/plugins\/seo\/ -->\n<title>New Francais - Costa Rica Surf and Up<\/title>\n<meta name=\"description\" content=\"Je suis un sauveteur certifi\u00e9 et je parle le fran\u00e7ais (ma langue maternelle), l&#039;espagnol et l&#039;anglais.Je crois que n&#039;importe qui peut...\" \/>\n<meta name=\"robots\" content=\"index, follow, max-snippet:-1, max-image-preview:large, max-video-preview:-1\" \/>\n<link rel=\"canonical\" href=\"https:\/\/www.costaricasurfandsup.com\/sitio\/fr\/new-francais\/\" \/>\n<script type=\"application\/ld+json\" class=\"yoast-schema-graph\">{\"@context\":\"https:\/\/schema.org\",\"@graph\":[{\"@type\":\"WebPage\",\"@id\":\"https:\/\/www.costaricasurfandsup.com\/sitio\/fr\/new-francais\/\",\"url\":\"https:\/\/www.costaricasurfandsup.com\/sitio\/fr\/new-francais\/\",\"name\":\"New Francais - Costa Rica Surf and Up\",\"isPartOf\":{\"@id\":\"https:\/\/www.costaricasurfandsup.com\/sitio\/#website\"},\"primaryImageOfPage\":{\"@id\":\"https:\/\/www.costaricasurfandsup.com\/sitio\/fr\/new-francais\/#primaryimage\"},\"image\":{\"@id\":\"https:\/\/www.costaricasurfandsup.com\/sitio\/fr\/new-francais\/#primaryimage\"},\"thumbnailUrl\":\"https:\/\/www.costaricasurfandsup.com\/sitio\/wp-content\/uploads\/2022\/05\/personal4.webp\",\"datePublished\":\"2019-03-20T23:31:13+00:00\",\"dateModified\":\"2025-11-29T22:25:05+00:00\",\"description\":\"Je suis un sauveteur certifi\u00e9 et je parle le fran\u00e7ais (ma langue maternelle), l'espagnol et l'anglais.Je crois que n'importe qui peut...\",\"breadcrumb\":{\"@id\":\"https:\/\/www.costaricasurfandsup.com\/sitio\/fr\/new-francais\/#breadcrumb\"},\"inLanguage\":\"en-US\",\"potentialAction\":[{\"@type\":\"ReadAction\",\"target\":[\"https:\/\/www.costaricasurfandsup.com\/sitio\/fr\/new-francais\/\"]}]},{\"@type\":\"ImageObject\",\"inLanguage\":\"en-US\",\"@id\":\"https:\/\/www.costaricasurfandsup.com\/sitio\/fr\/new-francais\/#primaryimage\",\"url\":\"https:\/\/www.costaricasurfandsup.com\/sitio\/wp-content\/uploads\/2022\/05\/personal4.webp\",\"contentUrl\":\"https:\/\/www.costaricasurfandsup.com\/sitio\/wp-content\/uploads\/2022\/05\/personal4.webp\",\"width\":225,\"height\":299,\"caption\":\"woman with surfboard\"},{\"@type\":\"BreadcrumbList\",\"@id\":\"https:\/\/www.costaricasurfandsup.com\/sitio\/fr\/new-francais\/#breadcrumb\",\"itemListElement\":[{\"@type\":\"ListItem\",\"position\":1,\"name\":\"Home\",\"item\":\"https:\/\/www.costaricasurfandsup.com\/sitio\/en\/surf-lessons\/\"},{\"@type\":\"ListItem\",\"position\":2,\"name\":\"New Francais\"}]},{\"@type\":\"WebSite\",\"@id\":\"https:\/\/www.costaricasurfandsup.com\/sitio\/#website\",\"url\":\"https:\/\/www.costaricasurfandsup.com\/sitio\/\",\"name\":\"Costa Rica Surf and Up\",\"description\":\"Surf and Sup in Santa Teresa in Costa Rica\",\"potentialAction\":[{\"@type\":\"SearchAction\",\"target\":{\"@type\":\"EntryPoint\",\"urlTemplate\":\"https:\/\/www.costaricasurfandsup.com\/sitio\/?s={search_term_string}\"},\"query-input\":{\"@type\":\"PropertyValueSpecification\",\"valueRequired\":true,\"valueName\":\"search_term_string\"}}],\"inLanguage\":\"en-US\"}]}<\/script>\n<!-- \/ Yoast SEO plugin. -->","yoast_head_json":{"title":"New Francais - Costa Rica Surf and Up","description":"Je suis un sauveteur certifi\u00e9 et je parle le fran\u00e7ais (ma langue maternelle), l'espagnol et l'anglais.Je crois que n'importe qui peut...","robots":{"index":"index","follow":"follow","max-snippet":"max-snippet:-1","max-image-preview":"max-image-preview:large","max-video-preview":"max-video-preview:-1"},"canonical":"https:\/\/www.costaricasurfandsup.com\/sitio\/fr\/new-francais\/","schema":{"@context":"https:\/\/schema.org","@graph":[{"@type":"WebPage","@id":"https:\/\/www.costaricasurfandsup.com\/sitio\/fr\/new-francais\/","url":"https:\/\/www.costaricasurfandsup.com\/sitio\/fr\/new-francais\/","name":"New Francais - Costa Rica Surf and Up","isPartOf":{"@id":"https:\/\/www.costaricasurfandsup.com\/sitio\/#website"},"primaryImageOfPage":{"@id":"https:\/\/www.costaricasurfandsup.com\/sitio\/fr\/new-francais\/#primaryimage"},"image":{"@id":"https:\/\/www.costaricasurfandsup.com\/sitio\/fr\/new-francais\/#primaryimage"},"thumbnailUrl":"https:\/\/www.costaricasurfandsup.com\/sitio\/wp-content\/uploads\/2022\/05\/personal4.webp","datePublished":"2019-03-20T23:31:13+00:00","dateModified":"2025-11-29T22:25:05+00:00","description":"Je suis un sauveteur certifi\u00e9 et je parle le fran\u00e7ais (ma langue maternelle), l'espagnol et l'anglais.Je crois que n'importe qui peut...","breadcrumb":{"@id":"https:\/\/www.costaricasurfandsup.com\/sitio\/fr\/new-francais\/#breadcrumb"},"inLanguage":"en-US","potentialAction":[{"@type":"ReadAction","target":["https:\/\/www.costaricasurfandsup.com\/sitio\/fr\/new-francais\/"]}]},{"@type":"ImageObject","inLanguage":"en-US","@id":"https:\/\/www.costaricasurfandsup.com\/sitio\/fr\/new-francais\/#primaryimage","url":"https:\/\/www.costaricasurfandsup.com\/sitio\/wp-content\/uploads\/2022\/05\/personal4.webp","contentUrl":"https:\/\/www.costaricasurfandsup.com\/sitio\/wp-content\/uploads\/2022\/05\/personal4.webp","width":225,"height":299,"caption":"woman with surfboard"},{"@type":"BreadcrumbList","@id":"https:\/\/www.costaricasurfandsup.com\/sitio\/fr\/new-francais\/#breadcrumb","itemListElement":[{"@type":"ListItem","position":1,"name":"Home","item":"https:\/\/www.costaricasurfandsup.com\/sitio\/en\/surf-lessons\/"},{"@type":"ListItem","position":2,"name":"New Francais"}]},{"@type":"WebSite","@id":"https:\/\/www.costaricasurfandsup.com\/sitio\/#website","url":"https:\/\/www.costaricasurfandsup.com\/sitio\/","name":"Costa Rica Surf and Up","description":"Surf and Sup in Santa Teresa in Costa Rica","potentialAction":[{"@type":"SearchAction","target":{"@type":"EntryPoint","urlTemplate":"https:\/\/www.costaricasurfandsup.com\/sitio\/?s={search_term_string}"},"query-input":{"@type":"PropertyValueSpecification","valueRequired":true,"valueName":"search_term_string"}}],"inLanguage":"en-US"}]}},"_links":{"self":[{"href":"https:\/\/www.costaricasurfandsup.com\/sitio\/wp-json\/wp\/v2\/pages\/474"}],"collection":[{"href":"https:\/\/www.costaricasurfandsup.com\/sitio\/wp-json\/wp\/v2\/pages"}],"about":[{"href":"https:\/\/www.costaricasurfandsup.com\/sitio\/wp-json\/wp\/v2\/types\/page"}],"author":[{"embeddable":true,"href":"https:\/\/www.costaricasurfandsup.com\/sitio\/wp-json\/wp\/v2\/users\/1"}],"replies":[{"embeddable":true,"href":"https:\/\/www.costaricasurfandsup.com\/sitio\/wp-json\/wp\/v2\/comments?post=474"}],"version-history":[{"count":63,"href":"https:\/\/www.costaricasurfandsup.com\/sitio\/wp-json\/wp\/v2\/pages\/474\/revisions"}],"predecessor-version":[{"id":2188,"href":"https:\/\/www.costaricasurfandsup.com\/sitio\/wp-json\/wp\/v2\/pages\/474\/revisions\/2188"}],"wp:attachment":[{"href":"https:\/\/www.costaricasurfandsup.com\/sitio\/wp-json\/wp\/v2\/media?parent=474"}],"curies":[{"name":"wp","href":"https:\/\/api.w.org\/{rel}","templated":true}]}}