{"id":466,"date":"2019-03-20T22:28:19","date_gmt":"2019-03-20T22:28:19","guid":{"rendered":"https:\/\/www.costaricasurfandsup.com\/sitio\/?page_id=466"},"modified":"2025-11-29T21:27:10","modified_gmt":"2025-11-29T21:27:10","slug":"new-espanol","status":"publish","type":"page","link":"https:\/\/www.costaricasurfandsup.com\/sitio\/es\/new-espanol\/","title":{"rendered":"New Espa\u00f1ol"},"content":{"rendered":"<div id=\"about\" class=\"aboutus\">\n<p>&nbsp;<\/p>\n<div class=\"audrey\">\n<div class=\"divleft1\">\n<p>&nbsp;<\/p>\n<div id=\"metaslider-id-1309\" style=\"max-width: 500px; margin: 0 auto;\" class=\"ml-slider-3-104-0 metaslider metaslider-flex metaslider-1309 ml-slider ms-theme-default nav-hidden\" role=\"region\" aria-label=\"New Slideshow\" data-height=\"600\" data-width=\"500\">\n    <div id=\"metaslider_container_1309\">\n        <div id=\"metaslider_1309\">\n            <ul class='slides'>\n                <li style=\"display: block; width: 100%;\" class=\"slide-1313 ms-image \" aria-roledescription=\"slide\" data-date=\"2022-10-14 16:02:49\" data-filename=\"woman-on-beach-with-surfboard.webp\" data-slide-type=\"image\"><img loading=\"lazy\" decoding=\"async\" src=\"https:\/\/www.costaricasurfandsup.com\/sitio\/wp-content\/uploads\/2022\/10\/woman-on-beach-with-surfboard.webp\" height=\"600\" width=\"500\" alt=\"woman on beach with surfboard\" class=\"slider-1309 slide-1313 msDefaultImage\" title=\"woman-on-beach-with-surfboard\" \/><\/li>\n                <li style=\"display: none; width: 100%;\" class=\"slide-1314 ms-image \" aria-roledescription=\"slide\" data-date=\"2022-10-14 16:02:49\" data-filename=\"group-women-with-surfboard-2.webp\" data-slide-type=\"image\"><img loading=\"lazy\" decoding=\"async\" src=\"https:\/\/www.costaricasurfandsup.com\/sitio\/wp-content\/uploads\/2022\/10\/group-women-with-surfboard-2.webp\" height=\"600\" width=\"500\" alt=\"group of women with surfboards\" class=\"slider-1309 slide-1314 msDefaultImage\" title=\"group-women-with-surfboard-2\" \/><\/li>\n                <li style=\"display: none; width: 100%;\" class=\"slide-1315 ms-image \" aria-roledescription=\"slide\" data-date=\"2022-10-14 16:02:50\" data-filename=\"woman-with-supboard-1.webp\" data-slide-type=\"image\"><img loading=\"lazy\" decoding=\"async\" src=\"https:\/\/www.costaricasurfandsup.com\/sitio\/wp-content\/uploads\/2022\/10\/woman-with-supboard-1.webp\" height=\"600\" width=\"500\" alt=\"woman holding a supboard\" class=\"slider-1309 slide-1315 msDefaultImage\" title=\"woman-with-supboard-1\" \/><\/li>\n            <\/ul>\n        <\/div>\n        \n    <\/div>\n<\/div><\/div>\n<div class=\"divright1\">\n<h1 style=\"text-align: center; font-family: fonty3; color: #f6bc61;\">Hola, soy Audrey\u2026<\/h1>\n<p>\u2026 y estare encantada de ser tu instructora de Surf y guia de SUP en Santa Teresa, Costa Rica.<\/p>\n<p>Soy una salvavidas certificada y hablo Espa\u00f1ol, Ingles y Frances.<br \/> <br \/>\nTengo a\u00f1os de vivir en Nicoya y conozco cientos de lugares hermosos para las clases de surf y los tours de SUP.<br \/>\nLes invito a que le den una ojeada al resto de la p\u00e1gina web donde encontrar\u00e1n mas informaci\u00f3n sobre las <a href=\"#lecciones\">lecciones de Surf<\/a> y los tours de <a href=\"https:\/\/www.costaricasurfandsup.com\/sitio\/es\/parquetes-surf-and-sup\/\">SUP<\/a>.<br \/> <br \/>\nApareci en la pagina web de TheWandering Soles, en el art\u00edculo &#8220;Las 11 mejores cosas que hacer en Santa Teresa&#8221;, visita el sitio <a href=\"https:\/\/www.twowanderingsoles.com\/blog\/things-to-do-in-santa-teresa-montezuma\/#block-yui_3_17_2_1_1532953600513_101943\" target=\"blank\" rel=\"noopener noreferrer\">dando click aqu\u00ed.<\/a><\/p>\n<\/div>\n<\/div>\n<p>&nbsp;<\/p>\n<\/div>\n<p><!-- lecciones --><\/p>\n<div class=\"lecciones\">\n<p id=\"lecciones\">&nbsp;<\/p>\n<h2 style=\"text-align: center; font-family: fonty3; color: #f6bc61;\">Lecciones de Surf<\/h2>\n<p>\u00bfListo para surfear? Mira las diferentes opciones que tengo para las clases de Surf.<br \/>\nSi tienes alguna duda o quieres reservar, escr\u00edbeme rellenando nuestro <a href=\"#booking\">formulario de contacto<\/a> aqu\u00ed.<\/p>\n<p>&nbsp;<\/p>\n<hr>\n<p>&nbsp;<\/p>\n<p><!-- private --><\/p>\n<div id=\"privatelesson\">\n<h3 style=\"color: #f6bc61\">Lecciones de Surf privadas:90$<\/h3>\n<p>90 minutos de lecciones solo para ti con toneladas de consejos.<br \/>\nDebe traer agua, bloqueador solar y una c\u00e1mara a prueba de agua (Opcional).<br \/>\nTabla de surf y rashguard incluidos.<\/p>\n<div class=\"lessons\"><img loading=\"lazy\" decoding=\"async\" src=\"https:\/\/www.costaricasurfandsup.com\/sitio\/wp-content\/uploads\/2022\/10\/leccionprivada3.webp\" alt=\"\" width=\"225\" height=\"299\" class=\"alignnone size-full wp-image-1360\" \/><img loading=\"lazy\" decoding=\"async\" src=\"https:\/\/www.costaricasurfandsup.com\/sitio\/wp-content\/uploads\/2022\/10\/leccionprivada2.webp\" alt=\"\" width=\"225\" height=\"299\" class=\"alignnone size-large wp-image-1361\" \/><img loading=\"lazy\" decoding=\"async\" src=\"https:\/\/www.costaricasurfandsup.com\/sitio\/wp-content\/uploads\/2022\/10\/leccionprivada1.webp\" alt=\"\" width=\"225\" height=\"299\" class=\"alignnone size-large wp-image-1362\" \/><\/div>\n<p>&nbsp;<\/p>\n<p><a href=\"https:\/\/www.costaricasurfandsup.com\/sitio\/es\/contactame\/\" class=\"miboton\">Reservar clase<\/a><\/p>\n<p>&nbsp;<\/p>\n<\/div>\n<p>&nbsp;<\/p>\n<hr>\n<p>&nbsp;<\/p>\n<p><!-- semi-private --><\/p>\n<div id=\"semiprivatelesson\">\n<h3 style=\"color: #f6bc61\">Lecciones semi-privadas de surf:75$ cada persona<\/h3>\n<p>90 minutos de clases para dos personas.<br \/>\nDebe traer agua, bloqueador solar y una c\u00e1mara a prueba de agua (Opcional).<br \/>\nTabla de surf y licra incluidos.<\/p>\n<div class=\"lessons\"><img decoding=\"async\" loading=\"lazy\" src=\"https:\/\/www.costaricasurfandsup.com\/sitio\/wp-content\/uploads\/2022\/05\/grupal4.webp\" alt=\"couple with surfboard on their heads\" width=\"225\" height=\"300\" class=\"alignnone size-full wp-image-1191\" \/><img decoding=\"async\" loading=\"lazy\" src=\"https:\/\/www.costaricasurfandsup.com\/sitio\/wp-content\/uploads\/2022\/05\/semiprivate.webp\" alt=\"two men and two surfboards\" width=\"225\" height=\"300\" class=\"alignnone size-full wp-image-1187\" \/><img decoding=\"async\" loading=\"lazy\" src=\"https:\/\/www.costaricasurfandsup.com\/sitio\/wp-content\/uploads\/2022\/05\/grupal2.webp\" alt=\"two women holding a board\" width=\"225\" height=\"300\" class=\"alignnone size-full wp-image-1193\" \/><\/div>\n<p>&nbsp;<\/p>\n<p><a href=\"https:\/\/www.costaricasurfandsup.com\/sitio\/es\/contactame\/\" class=\"miboton\">Reservar clase<\/a><\/p>\n<p>&nbsp;<\/p>\n<\/div>\n<p>&nbsp;<\/p>\n<hr>\n<p>&nbsp;<\/p>\n<p><!-- group lessons --><\/p>\n<div id=\"grouplesson\">\n<h3 style=\"color: #f6bc61\">Lecciones grupales de surf: 65$ cada persona<\/h3>\n<p>90 minutos de clases de surf para ti y tus amigos o familiares.<br \/>\nDebe traer agua, bloqueador solar y una c\u00e1mara a prueba de agua (Opcional).<br \/>\nTabla de surf y licra incluidos.<br \/>\nM\u00e1ximo 3 personas por instructor.<\/p>\n<div class=\"lessons\"><img loading=\"lazy\" decoding=\"async\" src=\"https:\/\/www.costaricasurfandsup.com\/sitio\/wp-content\/uploads\/2022\/10\/grupo3.webp\" alt=\"\" width=\"225\" height=\"300\" class=\"alignnone size-full wp-image-1356\" \/><img loading=\"lazy\" decoding=\"async\" src=\"https:\/\/www.costaricasurfandsup.com\/sitio\/wp-content\/uploads\/2022\/10\/grupo2.webp\" alt=\"\" width=\"225\" height=\"300\" class=\"alignnone size-large wp-image-1357\" \/><img loading=\"lazy\" decoding=\"async\" src=\"https:\/\/www.costaricasurfandsup.com\/sitio\/wp-content\/uploads\/2022\/10\/grupo1.webp\" alt=\"\" width=\"225\" height=\"300\" class=\"alignnone size-large wp-image-1358\" \/><\/div>\n<p>&nbsp;<\/p>\n<p><a href=\"https:\/\/www.costaricasurfandsup.com\/sitio\/es\/contactame\/\" class=\"miboton\">Reservar clase<\/a><\/p>\n<p>&nbsp;<\/p>\n<\/div>\n<p>&nbsp;<\/p>\n<hr>\n<p>&nbsp;<\/p>\n<p><!-- kid lessons --><\/p>\n<div id=\"kidslesson\">\n<h3 style=\"color: #f6bc61\">Lecciones de surf para ninos<\/h3>\n<p>90$ por un ni\u00f1o, 75$\/persona por dos ni\u00f1os, 65$\/persona por tres ni\u00f1os.<br \/>\n90 minutos de clases de surf.<br \/>\nDebe traer agua, bloqueador solar y una c\u00e1mara a prueba de agua (Opcional).<br \/>\nTabla de surf y licra incluidos.<br \/>\nM\u00e1ximo 2 ni\u00f1os por instructor.<\/p>\n<div class=\"lessons\"><img decoding=\"async\" loading=\"lazy\" src=\"https:\/\/www.costaricasurfandsup.com\/sitio\/wp-content\/uploads\/2022\/05\/ninos2.webp\" alt=\"instructora de surf\" width=\"225\" height=\"300\" class=\"alignnone size-full wp-image-1188\" \/><img decoding=\"async\" loading=\"lazy\" src=\"https:\/\/www.costaricasurfandsup.com\/sitio\/wp-content\/uploads\/2022\/05\/ninos1.webp\" alt=\"surf instructor with girl\" width=\"225\" height=\"300\" class=\"alignnone size-full wp-image-1189\" \/><img decoding=\"async\" loading=\"lazy\" src=\"https:\/\/www.costaricasurfandsup.com\/sitio\/wp-content\/uploads\/2022\/05\/personal1.webp\" alt=\"surf instructor with kid\" width=\"225\" height=\"300\" class=\"alignnone size-full wp-image-1190\" \/><\/div>\n<p>&nbsp;<\/p>\n<p><a href=\"https:\/\/www.costaricasurfandsup.com\/sitio\/es\/contactame\/\" class=\"miboton\">Reservar clase<\/a><\/p>\n<p>&nbsp;<\/p>\n<\/div>\n<p>&nbsp;<\/p>\n<p>&nbsp;<\/p>\n<\/div>\n<p><!-- sup --><!-- socios --><\/p>\n<div class=\"socios\" style=\"max-width:1180px;\">\n<h2 style=\"text-align: center; font-family: fonty3; color: #f6bc61;\">M\u00e1s de 40 rese\u00f1as de cinco estrellas en Google Maps<\/h2>\n<p>Durante 7 a\u00f1os he mantenido una puntuaci\u00f3n perfecta. Comprueba lo que han dicho algunos clientes sobre mis clases de surf.<\/p>\n<p>&nbsp;<\/p>\n<h3>Lee<\/h3>\n<p>\u00a1No ten\u00eda ni idea de surfear antes de venir a Santa Teresa, pero Audrey me hizo atrapar olas y levantarme en una hora! Primero hay 20 minutos de explicaci\u00f3n en tierra, lo que parece mucha informaci\u00f3n para asimilar, pero una vez que est\u00e1s en el agua, todo comienza a tener sentido muy r\u00e1pidamente. Audrey es una instructora muy paciente y minuciosa, y apreci\u00e9 c\u00f3mo da comentarios constructivos sobre c\u00f3mo mejorar cada vez. \u00a1B\u00fascala si est\u00e1s en Santa Teresa!<\/p>\n<p>&nbsp;<\/p>\n<h3>John Harris<\/h3>\n<p>No puedo agradecer lo suficiente a Audrey por las lecciones de calidad y la gran experiencia en general. Si quieres aprender a surfear, este es el lugar. Nuestro grupo era diverso en t\u00e9rminos de nuestra experiencia y habilidades. Sin embargo, Audrey brind\u00f3 la atenci\u00f3n individualizada que todos requer\u00edamos. Adem\u00e1s de brindar una excelente instrucci\u00f3n, tuvo la amabilidad de organizar el alquiler de nuestra tabla durante la semana.<\/p>\n<p>&nbsp;<\/p>\n<h3>Freddy Svanholm<\/h3>\n<p>Audrey fue muy paciente y conocedora, siempre nos sentimos seguros y aprendimos mucho durante el curso. Muy recomendable!<\/p>\n<p>&nbsp;<\/p>\n<p>Si desea consultar m\u00e1s rese\u00f1as de Google, visite mi perfil <a href=\"https:\/\/www.google.com\/maps\/place\/Costa+Rica+Surf+and+Sup\/@9.6264338,-85.1514917,17z\/data=!4m8!3m7!1s0x8f9f6f3a384cb5cd:0xd5ec23e70660cbc5!8m2!3d9.6264338!4d-85.1514917!9m1!1b1!16s%2Fg%2F11f5_6vh2v?entry=ttu&#038;g_ep=EgoyMDI1MDEwOC4wIKXMDSoASAFQAw%3D%3D\" rel=\"noopener\" target=\"_blank\">aqui<\/a>.<\/p>\n<p>&nbsp;<\/p>\n<\/div>\n<div class=\"partners\" style=\"background-color: rgba(87, 35, 100, 0.95);\">\n<div style=\"max-width:1180px; margin:0 auto;\">\n<p id=\"partners\">&nbsp;<\/p>\n<h2 style=\"text-align: center; font-family: fonty3; color: #f6bc61;\">Socios<\/h2>\n<ul>\n<li>\n<p><img decoding=\"async\" loading=\"lazy\" src=\"https:\/\/www.costaricasurfandsup.com\/sitio\/wp-content\/uploads\/2022\/04\/costarider-1.webp\" alt=\"\" width=\"200\" height=\"200\" class=\"aligncenter size-full wp-image-1085\" \/>Veh\u00edculos que han sido especialmente modificados, dise\u00f1ados y adaptados para brindarle a usted como viajero, una total y completa independencia en su descubrimiento de Costa Rica.<\/p>\n<p><a href=\"https:\/\/www.costarider-campervan.com\">www.costarider-campervan.com<\/a><\/p>\n<\/li>\n<li>\n<p><img decoding=\"async\" loading=\"lazy\" src=\"https:\/\/www.costaricasurfandsup.com\/sitio\/wp-content\/uploads\/2022\/04\/pvm-1.webp\" alt=\"tour guide on motorcycle\" width=\"200\" height=\"200\" class=\"aligncenter size-full wp-image-1089\" \/>Puravida Motorbike is a tour operator in Costa Rica, specializing in motorcycle tours around the country. They arrange everything for you. Just ride and enjoy the trip.<\/p>\n<p><a href=\"https:\/\/www.puravidamotorbike.com\/site\/\">www.puravidamotorbike.com<\/a><\/p>\n<\/li>\n<\/ul>\n<\/div>\n<p>&nbsp;<\/p>\n<\/div>\n","protected":false},"excerpt":{"rendered":"<p>&nbsp; &nbsp; Hola, soy Audrey\u2026 \u2026 y estare encantada de ser tu instructora de Surf y guia de SUP en Santa Teresa, Costa Rica. Soy una salvavidas certificada y hablo Espa\u00f1ol, Ingles y Frances. Tengo a\u00f1os de vivir en Nicoya y conozco cientos de lugares hermosos para las clases de surf y los tours de &hellip; <a href=\"https:\/\/www.costaricasurfandsup.com\/sitio\/es\/new-espanol\/\" class=\"more-link\">Continue reading <span class=\"screen-reader-text\">New Espa\u00f1ol<\/span> <span class=\"meta-nav\">&rarr;<\/span><\/a><\/p>\n","protected":false},"author":1,"featured_media":0,"parent":0,"menu_order":0,"comment_status":"closed","ping_status":"closed","template":"","meta":{"footnotes":""},"class_list":["post-466","page","type-page","status-publish","hentry"],"yoast_head":"<!-- This site is optimized with the Yoast SEO plugin v25.3.1 - https:\/\/yoast.com\/wordpress\/plugins\/seo\/ -->\n<title>Audrey - Surf y SUP en Costa Rica<\/title>\n<meta name=\"description\" content=\"Hola soy Audrey y estare encantada de ser tu instructora de Surf y guia de SUP en Santa Teresa, Mal Pais y Montezuma en Costa Rica.\" \/>\n<meta name=\"robots\" content=\"index, follow, max-snippet:-1, max-image-preview:large, max-video-preview:-1\" \/>\n<link rel=\"canonical\" href=\"https:\/\/www.costaricasurfandsup.com\/sitio\/es\/new-espanol\/\" \/>\n<script type=\"application\/ld+json\" class=\"yoast-schema-graph\">{\"@context\":\"https:\/\/schema.org\",\"@graph\":[{\"@type\":\"WebPage\",\"@id\":\"https:\/\/www.costaricasurfandsup.com\/sitio\/es\/new-espanol\/\",\"url\":\"https:\/\/www.costaricasurfandsup.com\/sitio\/es\/new-espanol\/\",\"name\":\"Audrey - Surf y SUP en Costa Rica\",\"isPartOf\":{\"@id\":\"https:\/\/www.costaricasurfandsup.com\/sitio\/#website\"},\"primaryImageOfPage\":{\"@id\":\"https:\/\/www.costaricasurfandsup.com\/sitio\/es\/new-espanol\/#primaryimage\"},\"image\":{\"@id\":\"https:\/\/www.costaricasurfandsup.com\/sitio\/es\/new-espanol\/#primaryimage\"},\"thumbnailUrl\":\"https:\/\/www.costaricasurfandsup.com\/sitio\/wp-content\/uploads\/2022\/10\/leccionprivada3.webp\",\"datePublished\":\"2019-03-20T22:28:19+00:00\",\"dateModified\":\"2025-11-29T21:27:10+00:00\",\"description\":\"Hola soy Audrey y estare encantada de ser tu instructora de Surf y guia de SUP en Santa Teresa, Mal Pais y Montezuma en Costa Rica.\",\"breadcrumb\":{\"@id\":\"https:\/\/www.costaricasurfandsup.com\/sitio\/es\/new-espanol\/#breadcrumb\"},\"inLanguage\":\"en-US\",\"potentialAction\":[{\"@type\":\"ReadAction\",\"target\":[\"https:\/\/www.costaricasurfandsup.com\/sitio\/es\/new-espanol\/\"]}]},{\"@type\":\"ImageObject\",\"inLanguage\":\"en-US\",\"@id\":\"https:\/\/www.costaricasurfandsup.com\/sitio\/es\/new-espanol\/#primaryimage\",\"url\":\"https:\/\/www.costaricasurfandsup.com\/sitio\/wp-content\/uploads\/2022\/10\/leccionprivada3.webp\",\"contentUrl\":\"https:\/\/www.costaricasurfandsup.com\/sitio\/wp-content\/uploads\/2022\/10\/leccionprivada3.webp\",\"width\":225,\"height\":299},{\"@type\":\"BreadcrumbList\",\"@id\":\"https:\/\/www.costaricasurfandsup.com\/sitio\/es\/new-espanol\/#breadcrumb\",\"itemListElement\":[{\"@type\":\"ListItem\",\"position\":1,\"name\":\"Home\",\"item\":\"https:\/\/www.costaricasurfandsup.com\/sitio\/en\/surf-lessons\/\"},{\"@type\":\"ListItem\",\"position\":2,\"name\":\"New Espa\u00f1ol\"}]},{\"@type\":\"WebSite\",\"@id\":\"https:\/\/www.costaricasurfandsup.com\/sitio\/#website\",\"url\":\"https:\/\/www.costaricasurfandsup.com\/sitio\/\",\"name\":\"Costa Rica Surf and Up\",\"description\":\"Surf and Sup in Santa Teresa in Costa Rica\",\"potentialAction\":[{\"@type\":\"SearchAction\",\"target\":{\"@type\":\"EntryPoint\",\"urlTemplate\":\"https:\/\/www.costaricasurfandsup.com\/sitio\/?s={search_term_string}\"},\"query-input\":{\"@type\":\"PropertyValueSpecification\",\"valueRequired\":true,\"valueName\":\"search_term_string\"}}],\"inLanguage\":\"en-US\"}]}<\/script>\n<!-- \/ Yoast SEO plugin. -->","yoast_head_json":{"title":"Audrey - Surf y SUP en Costa Rica","description":"Hola soy Audrey y estare encantada de ser tu instructora de Surf y guia de SUP en Santa Teresa, Mal Pais y Montezuma en Costa Rica.","robots":{"index":"index","follow":"follow","max-snippet":"max-snippet:-1","max-image-preview":"max-image-preview:large","max-video-preview":"max-video-preview:-1"},"canonical":"https:\/\/www.costaricasurfandsup.com\/sitio\/es\/new-espanol\/","schema":{"@context":"https:\/\/schema.org","@graph":[{"@type":"WebPage","@id":"https:\/\/www.costaricasurfandsup.com\/sitio\/es\/new-espanol\/","url":"https:\/\/www.costaricasurfandsup.com\/sitio\/es\/new-espanol\/","name":"Audrey - Surf y SUP en Costa Rica","isPartOf":{"@id":"https:\/\/www.costaricasurfandsup.com\/sitio\/#website"},"primaryImageOfPage":{"@id":"https:\/\/www.costaricasurfandsup.com\/sitio\/es\/new-espanol\/#primaryimage"},"image":{"@id":"https:\/\/www.costaricasurfandsup.com\/sitio\/es\/new-espanol\/#primaryimage"},"thumbnailUrl":"https:\/\/www.costaricasurfandsup.com\/sitio\/wp-content\/uploads\/2022\/10\/leccionprivada3.webp","datePublished":"2019-03-20T22:28:19+00:00","dateModified":"2025-11-29T21:27:10+00:00","description":"Hola soy Audrey y estare encantada de ser tu instructora de Surf y guia de SUP en Santa Teresa, Mal Pais y Montezuma en Costa Rica.","breadcrumb":{"@id":"https:\/\/www.costaricasurfandsup.com\/sitio\/es\/new-espanol\/#breadcrumb"},"inLanguage":"en-US","potentialAction":[{"@type":"ReadAction","target":["https:\/\/www.costaricasurfandsup.com\/sitio\/es\/new-espanol\/"]}]},{"@type":"ImageObject","inLanguage":"en-US","@id":"https:\/\/www.costaricasurfandsup.com\/sitio\/es\/new-espanol\/#primaryimage","url":"https:\/\/www.costaricasurfandsup.com\/sitio\/wp-content\/uploads\/2022\/10\/leccionprivada3.webp","contentUrl":"https:\/\/www.costaricasurfandsup.com\/sitio\/wp-content\/uploads\/2022\/10\/leccionprivada3.webp","width":225,"height":299},{"@type":"BreadcrumbList","@id":"https:\/\/www.costaricasurfandsup.com\/sitio\/es\/new-espanol\/#breadcrumb","itemListElement":[{"@type":"ListItem","position":1,"name":"Home","item":"https:\/\/www.costaricasurfandsup.com\/sitio\/en\/surf-lessons\/"},{"@type":"ListItem","position":2,"name":"New Espa\u00f1ol"}]},{"@type":"WebSite","@id":"https:\/\/www.costaricasurfandsup.com\/sitio\/#website","url":"https:\/\/www.costaricasurfandsup.com\/sitio\/","name":"Costa Rica Surf and Up","description":"Surf and Sup in Santa Teresa in Costa Rica","potentialAction":[{"@type":"SearchAction","target":{"@type":"EntryPoint","urlTemplate":"https:\/\/www.costaricasurfandsup.com\/sitio\/?s={search_term_string}"},"query-input":{"@type":"PropertyValueSpecification","valueRequired":true,"valueName":"search_term_string"}}],"inLanguage":"en-US"}]}},"_links":{"self":[{"href":"https:\/\/www.costaricasurfandsup.com\/sitio\/wp-json\/wp\/v2\/pages\/466"}],"collection":[{"href":"https:\/\/www.costaricasurfandsup.com\/sitio\/wp-json\/wp\/v2\/pages"}],"about":[{"href":"https:\/\/www.costaricasurfandsup.com\/sitio\/wp-json\/wp\/v2\/types\/page"}],"author":[{"embeddable":true,"href":"https:\/\/www.costaricasurfandsup.com\/sitio\/wp-json\/wp\/v2\/users\/1"}],"replies":[{"embeddable":true,"href":"https:\/\/www.costaricasurfandsup.com\/sitio\/wp-json\/wp\/v2\/comments?post=466"}],"version-history":[{"count":58,"href":"https:\/\/www.costaricasurfandsup.com\/sitio\/wp-json\/wp\/v2\/pages\/466\/revisions"}],"predecessor-version":[{"id":2182,"href":"https:\/\/www.costaricasurfandsup.com\/sitio\/wp-json\/wp\/v2\/pages\/466\/revisions\/2182"}],"wp:attachment":[{"href":"https:\/\/www.costaricasurfandsup.com\/sitio\/wp-json\/wp\/v2\/media?parent=466"}],"curies":[{"name":"wp","href":"https:\/\/api.w.org\/{rel}","templated":true}]}}