{"id":1689,"date":"2023-07-17T21:27:55","date_gmt":"2023-07-17T21:27:55","guid":{"rendered":"https:\/\/www.costaricasurfandsup.com\/sitio\/?page_id=1689"},"modified":"2023-07-17T23:15:50","modified_gmt":"2023-07-17T23:15:50","slug":"vamos-a-las-islas-maldivas","status":"publish","type":"page","link":"https:\/\/www.costaricasurfandsup.com\/sitio\/es\/vamos-a-las-islas-maldivas\/","title":{"rendered":"Vamos a las Islas Maldivas"},"content":{"rendered":"<div class=\"paquetes\">\n<h1 style=\"text-align: center; font-family: fonty3; color: #f6bc61;\">Aventura de Surf en Maldivas<\/h1>\n<p><img loading=\"lazy\" decoding=\"async\" src=\"https:\/\/www.costaricasurfandsup.com\/sitio\/wp-content\/uploads\/2023\/06\/the-yacht-n-boat.webp\" alt=\"bote y yate en las aguas de las Islas Maldivas\" width=\"425\" height=\"451\" class=\"aligncenter size-full wp-image-1635\" srcset=\"https:\/\/www.costaricasurfandsup.com\/sitio\/wp-content\/uploads\/2023\/06\/the-yacht-n-boat.webp 425w, https:\/\/www.costaricasurfandsup.com\/sitio\/wp-content\/uploads\/2023\/06\/the-yacht-n-boat-283x300.webp 283w\" sizes=\"(max-width: 425px) 100vw, 425px\" \/><\/p>\n<p class=\"toomuchtext\">&nbsp;<br \/>\nLa Rep\u00fablica de las Islas Maldivas se encuentra en la parte norte del Oc\u00e9ano \u00cdndico, justo al sur del subcontinente indio.<br \/>\n&nbsp;<br \/>\nAlrededor de 1.200 Islas se extienden a 870 km de Norte a Sur del ecuador.<br \/>\nSu ubicaci\u00f3n privilegiada lo expone a constantes marejadas generadas por tormentas en la parte sur del oc\u00e9ano.<br \/>\nEstas olas viajan cientos de kil\u00f3metros hacia el norte antes de golpear innumerables rompientes de arrecifes que rodean las islas.<br \/>\nLas islas Maldivas est\u00e1n agrupadas en atolones, arrecifes de coral en forma de anillo en los que se encuentran las islas, rodeadas de incre\u00edbles pasos de arrecifes y lagunas.<br \/>\n&nbsp;<br \/>\nLas olas en las Maldivas son mucho m\u00e1s amigables que las de su vecino archipi\u00e9lago indonesio.<br \/>\nInnumerables puntos de surf perfectos est\u00e1n a la mano, desde puntos de quiebre por arrecifes poco profundos hasta puntos de quiebre por mareas, las Maldivas son verdaderamente un patio de recreo para los surfistas.<br \/>\n&nbsp;<\/p>\n<p>&nbsp;<\/p>\n<h2 style=\"text-align: center; font-family: fonty3; color: #f6bc61;\">Detalles del viaje<\/h2>\n<p>&nbsp;<\/p>\n<div id=\"metaslider-id-1647\" style=\"max-width: 811px; margin: 0 auto;\" class=\"ml-slider-3-104-0 metaslider metaslider-flex metaslider-1647 ml-slider ms-theme-default nav-hidden\" role=\"region\" aria-label=\"Maldives\" data-height=\"459\" data-width=\"811\">\n    <div id=\"metaslider_container_1647\">\n        <div id=\"metaslider_1647\">\n            <ul class='slides'>\n                <li style=\"display: block; width: 100%;\" class=\"slide-1648 ms-image \" aria-roledescription=\"slide\" data-date=\"2023-06-20 15:36:55\" data-filename=\"the-accommodation.webp\" data-slide-type=\"image\"><img loading=\"lazy\" decoding=\"async\" width=\"811\" height=\"456\" src=\"https:\/\/www.costaricasurfandsup.com\/sitio\/wp-content\/uploads\/2023\/06\/the-accommodation.webp\" class=\"slider-1647 slide-1648 msDefaultImage\" alt=\"images of rooms inside a yacht\" rel=\"\" title=\"the-accommodation\" srcset=\"https:\/\/www.costaricasurfandsup.com\/sitio\/wp-content\/uploads\/2023\/06\/the-accommodation.webp 811w, https:\/\/www.costaricasurfandsup.com\/sitio\/wp-content\/uploads\/2023\/06\/the-accommodation-300x169.webp 300w, https:\/\/www.costaricasurfandsup.com\/sitio\/wp-content\/uploads\/2023\/06\/the-accommodation-768x432.webp 768w\" sizes=\"(max-width: 811px) 100vw, 811px\" \/><\/li>\n                <li style=\"display: none; width: 100%;\" class=\"slide-1649 ms-image \" aria-roledescription=\"slide\" data-date=\"2023-06-20 15:36:55\" data-filename=\"the-experience.webp\" data-slide-type=\"image\"><img loading=\"lazy\" decoding=\"async\" width=\"1023\" height=\"573\" src=\"https:\/\/www.costaricasurfandsup.com\/sitio\/wp-content\/uploads\/2023\/06\/the-experience.webp\" class=\"slider-1647 slide-1649 msDefaultImage\" alt=\"guys resting in a boat on maldives\" rel=\"\" title=\"the-experience\" srcset=\"https:\/\/www.costaricasurfandsup.com\/sitio\/wp-content\/uploads\/2023\/06\/the-experience.webp 1023w, https:\/\/www.costaricasurfandsup.com\/sitio\/wp-content\/uploads\/2023\/06\/the-experience-300x168.webp 300w, https:\/\/www.costaricasurfandsup.com\/sitio\/wp-content\/uploads\/2023\/06\/the-experience-768x430.webp 768w\" sizes=\"(max-width: 1023px) 100vw, 1023px\" \/><\/li>\n            <\/ul>\n        <\/div>\n        \n    <\/div>\n<\/div>\n<p>&nbsp;<\/p>\n<p>Alojamiento: El grupo se alojar\u00e1 en nuestro yate en c\u00f3modas habitaciones dobles con ba\u00f1o privado. Todas las habitaciones est\u00e1n amuebladas para el m\u00e1ximo confort y tienen aire acondicionado privado.<br \/>\n&nbsp;<br \/>\nHospitalidad: Durante el viaje, se le ofrecer\u00e1 un alto nivel de deliciosas comidas, cocinadas por el chef, y servidas en un buffet abierto para satisfacer sus preferencias. Tambi\u00e9n se ofrecer\u00e1 fruta fresca durante el d\u00eda con t\u00e9, caf\u00e9 y agua mineral (dispensador) de cortes\u00eda. Bebidas alcoh\u00f3licas, jugos y espresso est\u00e1n disponibles para comprar en el bar.<br \/>\n&nbsp;<br \/>\nGu\u00eda y fotograf\u00eda: Navegar\u00e1s entre las majestuosas islas de las Maldivas, en busca del mejor surf y las condiciones ideales, guiado por un fot\u00f3grafo de surf privado. Todos los materiales de los medios de comunicaci\u00f3n ser\u00e1n seleccionados para el grupo al final de cada d\u00eda para el an\u00e1lisis de surf y se le entregar\u00e1n al final del viaje.<br \/>\n&nbsp;<br \/>\nA\u00f1os de experiencia en estos atolones por parte de nuestra tripulaci\u00f3n maximizar\u00e1n su experiencia dentro y fuera del agua.<\/p>\n<p>&nbsp;<\/p>\n<h2 style=\"text-align: center; font-family: fonty3; color: #f6bc61;\">El Yate<\/h2>\n<p>&nbsp;<\/p>\n<p><img loading=\"lazy\" decoding=\"async\" src=\"https:\/\/www.costaricasurfandsup.com\/sitio\/wp-content\/uploads\/2023\/06\/the-yacht.webp\" alt=\"un yate navegando en el oceano\" width=\"759\" height=\"625\" class=\"aligncenter size-full wp-image-1632\" srcset=\"https:\/\/www.costaricasurfandsup.com\/sitio\/wp-content\/uploads\/2023\/06\/the-yacht.webp 759w, https:\/\/www.costaricasurfandsup.com\/sitio\/wp-content\/uploads\/2023\/06\/the-yacht-300x247.webp 300w\" sizes=\"(max-width: 759px) 100vw, 759px\" \/><\/p>\n<p>&nbsp;<\/p>\n<p>El yate tiene 36 m de eslora y puede acomodar hasta 20 personas. Su tripulaci\u00f3n profesional de alta funcionalidad y orientada al servicio le otorgar\u00e1 las vacaciones de surf que se merece.<br \/>\n4 cubiertas se mantienen en alto mantenimiento para su ocio con un total de 11 cabinas.<br \/>\nLa cubierta principal ofrece un \u00e1rea com\u00fan espaciosa y con aire acondicionado, con un comedor interno, una c\u00f3moda sala de estar con TV de pantalla plana y equipo de audio, y un bar adyacente, equipado con alcohol.<br \/>\n&nbsp;<br \/>\nUn total de 4 espacios abiertos se encuentran en la nariz y la viga, en las cubiertas principal y superior para que pueda relajarse, disfrutar de un buen libro o pescar. En la parte superior del Myna, encontrar\u00e1 una espaciosa terraza abierta, equipada con tumbonas y un jacuzzi, el lugar perfecto para sus rutinas de yoga matutinas o despu\u00e9s del surf relajaci\u00f3n.<\/p>\n<p>&nbsp;<\/p>\n<h2 style=\"text-align: center; font-family: fonty3; color: #f6bc61;\">Proximos Viajes a Maldivas<\/h2>\n<p>&nbsp;<\/p>\n<p><img loading=\"lazy\" decoding=\"async\" src=\"https:\/\/www.costaricasurfandsup.com\/sitio\/wp-content\/uploads\/2023\/06\/may-august-trip.webp\" alt=\"\" width=\"683\" height=\"354\" class=\"aligncenter size-full wp-image-1624\" srcset=\"https:\/\/www.costaricasurfandsup.com\/sitio\/wp-content\/uploads\/2023\/06\/may-august-trip.webp 683w, https:\/\/www.costaricasurfandsup.com\/sitio\/wp-content\/uploads\/2023\/06\/may-august-trip-300x155.webp 300w\" sizes=\"(max-width: 683px) 100vw, 683px\" \/><br \/>\n<img loading=\"lazy\" decoding=\"async\" src=\"https:\/\/www.costaricasurfandsup.com\/sitio\/wp-content\/uploads\/2023\/06\/september-november-trip.webp\" alt=\"\" width=\"683\" height=\"275\" class=\"aligncenter size-full wp-image-1625\" srcset=\"https:\/\/www.costaricasurfandsup.com\/sitio\/wp-content\/uploads\/2023\/06\/september-november-trip.webp 683w, https:\/\/www.costaricasurfandsup.com\/sitio\/wp-content\/uploads\/2023\/06\/september-november-trip-300x121.webp 300w\" sizes=\"(max-width: 683px) 100vw, 683px\" \/><\/p>\n<p>El paquete del Atol\u00f3n de Mal\u00e9 incluye:<br \/>\nTraslados al aeropuerto<br \/>\nAlojamiento por 10 noches \/ 11 d\u00edas<br \/>\nActividad diaria de surf de amanecer a atardecer<br \/>\nComidas diarias &#8211; Buffet libre<br \/>\nDispensador de t\u00e9, caf\u00e9 y agua de cortes\u00eda<br \/>\nTransporte en bote al area para surfear<br \/>\nFot\u00f3grafo de surf privado y an\u00e1lisis de video<br \/>\nTodos los archivos multimedia (videos y fotos)<br \/>\nEquipo de pesca de estilo local + Equipo de snorkel<br \/>\nTodos los impuestos<\/p>\n<p>&nbsp;<\/p>\n<p style=\"text-align: center; font-family: fonty3; color: #f6bc61;\">Tarifas<br \/>\nReserva individual: Desde 2700 USD por persona<br \/>\nAlquiler privado del yate: Desde 3300 USD por persona (M\u00ednimo 8 personas)<\/p>\n<p>&nbsp;<\/p>\n<p>&nbsp;<\/p>\n<p>&nbsp;<\/p>\n<h2 style=\"text-align: center; font-family: fonty3; color: #f6bc61;\">Islas Maldivas<\/h2>\n<p>Our trips are directed to 3 major geographic regions:<br \/>\n\u2022 Atolones Mal\u00e9 \u2013 Atolones Norte y Sur<br \/>\n\u2022 Atolones centrales \u2013 Meemu, Dhaalu, Thaa &#038; Laamu<br \/>\n\u2022 Atolones del Sur &#8211; Huvadhoo<br \/>\nLa escena del surf de los atolones de Mal\u00e9 ha sido la m\u00e1s popular durante d\u00e9cadas.<br \/>\nEs dif\u00edcil comparar la comodidad de encontrar numerosos lugares de surf de clase mundial a unos 30 minutos de navegaci\u00f3n desde el aeropuerto, con cualquier otro destino de surf.<br \/>\nLos Atolones Centrales y del Sur, por otro lado, ofrecer\u00e1n a los surfistas m\u00e1s aventureros la oportunidad de obtener olas m\u00e1s potentes y consistentes, con una multitud m\u00ednima.<br \/>\nPara llegar a estas regiones, tendr\u00e1 que navegar durante aproximadamente 12-16 horas desde Mal\u00e9 para llegar a los Atolones Centrales o abordar un vuelo nacional de 1 hora para llegar a los Atolones del Sur.<br \/>\n&nbsp;\n<\/p>\n<p>&nbsp;<\/p>\n<\/div>\n","protected":false},"excerpt":{"rendered":"<p>Aventura de Surf en Maldivas &nbsp; La Rep\u00fablica de las Islas Maldivas se encuentra en la parte norte del Oc\u00e9ano \u00cdndico, justo al sur del subcontinente indio. &nbsp; Alrededor de 1.200 Islas se extienden a 870 km de Norte a Sur del ecuador. Su ubicaci\u00f3n privilegiada lo expone a constantes marejadas generadas por tormentas en &hellip; <a href=\"https:\/\/www.costaricasurfandsup.com\/sitio\/es\/vamos-a-las-islas-maldivas\/\" class=\"more-link\">Continue reading <span class=\"screen-reader-text\">Vamos a las Islas Maldivas<\/span> <span class=\"meta-nav\">&rarr;<\/span><\/a><\/p>\n","protected":false},"author":1,"featured_media":0,"parent":0,"menu_order":0,"comment_status":"closed","ping_status":"closed","template":"","meta":{"footnotes":""},"class_list":["post-1689","page","type-page","status-publish","hentry"],"yoast_head":"<!-- This site is optimized with the Yoast SEO plugin v25.3.1 - https:\/\/yoast.com\/wordpress\/plugins\/seo\/ -->\n<title>Vamos a las Islas Maldivas - Tour de Surf<\/title>\n<meta name=\"description\" content=\"Nuestro tour de surf a Islas Maldivas es un incre\u00edble viaje de autodescubrimiento. Naturaleza, olas, amigos y mucha diversi\u00f3n te esperan.\" \/>\n<meta name=\"robots\" content=\"index, follow, max-snippet:-1, max-image-preview:large, max-video-preview:-1\" \/>\n<link rel=\"canonical\" href=\"https:\/\/www.costaricasurfandsup.com\/sitio\/es\/vamos-a-las-islas-maldivas\/\" \/>\n<script type=\"application\/ld+json\" class=\"yoast-schema-graph\">{\"@context\":\"https:\/\/schema.org\",\"@graph\":[{\"@type\":\"WebPage\",\"@id\":\"https:\/\/www.costaricasurfandsup.com\/sitio\/es\/vamos-a-las-islas-maldivas\/\",\"url\":\"https:\/\/www.costaricasurfandsup.com\/sitio\/es\/vamos-a-las-islas-maldivas\/\",\"name\":\"Vamos a las Islas Maldivas - Tour de Surf\",\"isPartOf\":{\"@id\":\"https:\/\/www.costaricasurfandsup.com\/sitio\/#website\"},\"primaryImageOfPage\":{\"@id\":\"https:\/\/www.costaricasurfandsup.com\/sitio\/es\/vamos-a-las-islas-maldivas\/#primaryimage\"},\"image\":{\"@id\":\"https:\/\/www.costaricasurfandsup.com\/sitio\/es\/vamos-a-las-islas-maldivas\/#primaryimage\"},\"thumbnailUrl\":\"https:\/\/www.costaricasurfandsup.com\/sitio\/wp-content\/uploads\/2023\/06\/the-yacht-n-boat.webp\",\"datePublished\":\"2023-07-17T21:27:55+00:00\",\"dateModified\":\"2023-07-17T23:15:50+00:00\",\"description\":\"Nuestro tour de surf a Islas Maldivas es un incre\u00edble viaje de autodescubrimiento. Naturaleza, olas, amigos y mucha diversi\u00f3n te esperan.\",\"breadcrumb\":{\"@id\":\"https:\/\/www.costaricasurfandsup.com\/sitio\/es\/vamos-a-las-islas-maldivas\/#breadcrumb\"},\"inLanguage\":\"en-US\",\"potentialAction\":[{\"@type\":\"ReadAction\",\"target\":[\"https:\/\/www.costaricasurfandsup.com\/sitio\/es\/vamos-a-las-islas-maldivas\/\"]}]},{\"@type\":\"ImageObject\",\"inLanguage\":\"en-US\",\"@id\":\"https:\/\/www.costaricasurfandsup.com\/sitio\/es\/vamos-a-las-islas-maldivas\/#primaryimage\",\"url\":\"https:\/\/www.costaricasurfandsup.com\/sitio\/wp-content\/uploads\/2023\/06\/the-yacht-n-boat.webp\",\"contentUrl\":\"https:\/\/www.costaricasurfandsup.com\/sitio\/wp-content\/uploads\/2023\/06\/the-yacht-n-boat.webp\",\"width\":425,\"height\":451,\"caption\":\"yacht and boat in maldives waters\"},{\"@type\":\"BreadcrumbList\",\"@id\":\"https:\/\/www.costaricasurfandsup.com\/sitio\/es\/vamos-a-las-islas-maldivas\/#breadcrumb\",\"itemListElement\":[{\"@type\":\"ListItem\",\"position\":1,\"name\":\"Home\",\"item\":\"https:\/\/www.costaricasurfandsup.com\/sitio\/en\/surf-lessons\/\"},{\"@type\":\"ListItem\",\"position\":2,\"name\":\"Vamos a las Islas Maldivas\"}]},{\"@type\":\"WebSite\",\"@id\":\"https:\/\/www.costaricasurfandsup.com\/sitio\/#website\",\"url\":\"https:\/\/www.costaricasurfandsup.com\/sitio\/\",\"name\":\"Costa Rica Surf and Up\",\"description\":\"Surf and Sup in Santa Teresa in Costa Rica\",\"potentialAction\":[{\"@type\":\"SearchAction\",\"target\":{\"@type\":\"EntryPoint\",\"urlTemplate\":\"https:\/\/www.costaricasurfandsup.com\/sitio\/?s={search_term_string}\"},\"query-input\":{\"@type\":\"PropertyValueSpecification\",\"valueRequired\":true,\"valueName\":\"search_term_string\"}}],\"inLanguage\":\"en-US\"}]}<\/script>\n<!-- \/ Yoast SEO plugin. -->","yoast_head_json":{"title":"Vamos a las Islas Maldivas - Tour de Surf","description":"Nuestro tour de surf a Islas Maldivas es un incre\u00edble viaje de autodescubrimiento. Naturaleza, olas, amigos y mucha diversi\u00f3n te esperan.","robots":{"index":"index","follow":"follow","max-snippet":"max-snippet:-1","max-image-preview":"max-image-preview:large","max-video-preview":"max-video-preview:-1"},"canonical":"https:\/\/www.costaricasurfandsup.com\/sitio\/es\/vamos-a-las-islas-maldivas\/","schema":{"@context":"https:\/\/schema.org","@graph":[{"@type":"WebPage","@id":"https:\/\/www.costaricasurfandsup.com\/sitio\/es\/vamos-a-las-islas-maldivas\/","url":"https:\/\/www.costaricasurfandsup.com\/sitio\/es\/vamos-a-las-islas-maldivas\/","name":"Vamos a las Islas Maldivas - Tour de Surf","isPartOf":{"@id":"https:\/\/www.costaricasurfandsup.com\/sitio\/#website"},"primaryImageOfPage":{"@id":"https:\/\/www.costaricasurfandsup.com\/sitio\/es\/vamos-a-las-islas-maldivas\/#primaryimage"},"image":{"@id":"https:\/\/www.costaricasurfandsup.com\/sitio\/es\/vamos-a-las-islas-maldivas\/#primaryimage"},"thumbnailUrl":"https:\/\/www.costaricasurfandsup.com\/sitio\/wp-content\/uploads\/2023\/06\/the-yacht-n-boat.webp","datePublished":"2023-07-17T21:27:55+00:00","dateModified":"2023-07-17T23:15:50+00:00","description":"Nuestro tour de surf a Islas Maldivas es un incre\u00edble viaje de autodescubrimiento. Naturaleza, olas, amigos y mucha diversi\u00f3n te esperan.","breadcrumb":{"@id":"https:\/\/www.costaricasurfandsup.com\/sitio\/es\/vamos-a-las-islas-maldivas\/#breadcrumb"},"inLanguage":"en-US","potentialAction":[{"@type":"ReadAction","target":["https:\/\/www.costaricasurfandsup.com\/sitio\/es\/vamos-a-las-islas-maldivas\/"]}]},{"@type":"ImageObject","inLanguage":"en-US","@id":"https:\/\/www.costaricasurfandsup.com\/sitio\/es\/vamos-a-las-islas-maldivas\/#primaryimage","url":"https:\/\/www.costaricasurfandsup.com\/sitio\/wp-content\/uploads\/2023\/06\/the-yacht-n-boat.webp","contentUrl":"https:\/\/www.costaricasurfandsup.com\/sitio\/wp-content\/uploads\/2023\/06\/the-yacht-n-boat.webp","width":425,"height":451,"caption":"yacht and boat in maldives waters"},{"@type":"BreadcrumbList","@id":"https:\/\/www.costaricasurfandsup.com\/sitio\/es\/vamos-a-las-islas-maldivas\/#breadcrumb","itemListElement":[{"@type":"ListItem","position":1,"name":"Home","item":"https:\/\/www.costaricasurfandsup.com\/sitio\/en\/surf-lessons\/"},{"@type":"ListItem","position":2,"name":"Vamos a las Islas Maldivas"}]},{"@type":"WebSite","@id":"https:\/\/www.costaricasurfandsup.com\/sitio\/#website","url":"https:\/\/www.costaricasurfandsup.com\/sitio\/","name":"Costa Rica Surf and Up","description":"Surf and Sup in Santa Teresa in Costa Rica","potentialAction":[{"@type":"SearchAction","target":{"@type":"EntryPoint","urlTemplate":"https:\/\/www.costaricasurfandsup.com\/sitio\/?s={search_term_string}"},"query-input":{"@type":"PropertyValueSpecification","valueRequired":true,"valueName":"search_term_string"}}],"inLanguage":"en-US"}]}},"_links":{"self":[{"href":"https:\/\/www.costaricasurfandsup.com\/sitio\/wp-json\/wp\/v2\/pages\/1689"}],"collection":[{"href":"https:\/\/www.costaricasurfandsup.com\/sitio\/wp-json\/wp\/v2\/pages"}],"about":[{"href":"https:\/\/www.costaricasurfandsup.com\/sitio\/wp-json\/wp\/v2\/types\/page"}],"author":[{"embeddable":true,"href":"https:\/\/www.costaricasurfandsup.com\/sitio\/wp-json\/wp\/v2\/users\/1"}],"replies":[{"embeddable":true,"href":"https:\/\/www.costaricasurfandsup.com\/sitio\/wp-json\/wp\/v2\/comments?post=1689"}],"version-history":[{"count":1,"href":"https:\/\/www.costaricasurfandsup.com\/sitio\/wp-json\/wp\/v2\/pages\/1689\/revisions"}],"predecessor-version":[{"id":1690,"href":"https:\/\/www.costaricasurfandsup.com\/sitio\/wp-json\/wp\/v2\/pages\/1689\/revisions\/1690"}],"wp:attachment":[{"href":"https:\/\/www.costaricasurfandsup.com\/sitio\/wp-json\/wp\/v2\/media?parent=1689"}],"curies":[{"name":"wp","href":"https:\/\/api.w.org\/{rel}","templated":true}]}}