{"id":1243,"date":"2022-05-26T04:30:31","date_gmt":"2022-05-26T04:30:31","guid":{"rendered":"https:\/\/www.costaricasurfandsup.com\/sitio\/?page_id=1243"},"modified":"2026-01-08T02:47:52","modified_gmt":"2026-01-08T02:47:52","slug":"contactame","status":"publish","type":"page","link":"https:\/\/www.costaricasurfandsup.com\/sitio\/es\/contactame\/","title":{"rendered":"Contactame"},"content":{"rendered":"<p><!-- contacto --><\/p>\n<div class=\"contacto\">\n<div id=\"booking2\">\n<div class=\"bookingone\" style=\"text-align: center;\">\n<p>&nbsp;<\/p>\n<h2 id=\"booking\" style=\"text-align: center; font-family: fonty3; color: #f6bc61;\">Contactame<\/h2>\n<p style=\"text-shadow: 2px 2px 2px #000 !important; font-size:20px;\">\u00bfTiene usted alguna pregunta?<br \/>\n\u00bfQuieres reservar tus clases de surf o excursiones de SUP conmigo?<br \/>\n\u00bfO solo quieres saludar? Simplemente complete este formulario aqu\u00ed y te responder\u00e9 tan pronto como pueda.<br \/>\nTambi\u00e9n puedes llamar o enviar un mensaje de Whatsapp al tel\u00e9fono +506 8434 0444.<\/p>\n<\/div>\n<div class=\"bookingtwo\">\n<p>&nbsp;<\/p>\n<div class='fluentform ff-default fluentform_wrapper_1 ffs_default_wrap'><form data-form_id=\"1\" id=\"fluentform_1\" class=\"frm-fluent-form fluent_form_1 ff-el-form-top ff_form_instance_1_1 ff-form-loading ffs_default\" data-form_instance=\"ff_form_instance_1_1\" method=\"POST\" ><fieldset  style=\"border: none!important;margin: 0!important;padding: 0!important;background-color: transparent!important;box-shadow: none!important;outline: none!important; min-inline-size: 100%;\">\n                    <legend class=\"ff_screen_reader_title\" style=\"display: block; margin: 0!important;padding: 0!important;height: 0!important;text-indent: -999999px;width: 0!important;overflow:hidden;\">Contact Form Demo<\/legend><input type='hidden' name='__fluent_form_embded_post_id' value='1243' \/><input type=\"hidden\" id=\"_fluentform_1_fluentformnonce\" name=\"_fluentform_1_fluentformnonce\" value=\"778ad64b53\" \/><input type=\"hidden\" name=\"_wp_http_referer\" value=\"\/sitio\/wp-json\/wp\/v2\/pages\/1243\" \/><div data-type=\"name-element\" data-name=\"names\" class=\" ff-field_container ff-name-field-wrapper\" ><div class='ff-t-container'><div class='ff-t-cell '><div class='ff-el-group'><div class=\"ff-el-input--label asterisk-right\"><label for='ff_1_names_first_name_' id='label_ff_1_names_first_name_' >Name\/ Nombre \/ Prenom<\/label><\/div><div class='ff-el-input--content'><input type=\"text\" name=\"names[first_name]\" id=\"ff_1_names_first_name_\" class=\"ff-el-form-control\" placeholder=\"First Name \/ Nombre \/ Nom\" aria-invalid=\"false\" aria-required=false><\/div><\/div><\/div><div class='ff-t-cell '><div class='ff-el-group'><div class=\"ff-el-input--label asterisk-right\"><label for='ff_1_names_last_name_' id='label_ff_1_names_last_name_' >Last Name \/ Apellido \/ Nom<\/label><\/div><div class='ff-el-input--content'><input type=\"text\" name=\"names[last_name]\" id=\"ff_1_names_last_name_\" class=\"ff-el-form-control\" placeholder=\"Last Name\" aria-invalid=\"false\" aria-required=false><\/div><\/div><\/div><\/div><\/div><div class='ff-el-group'><div class=\"ff-el-input--label ff-el-is-required asterisk-right\"><label for='ff_1_email' id='label_ff_1_email' aria-label=\"Email \/ Correo electronico \/ Courriel\">Email \/ Correo electronico \/ Courriel<\/label><\/div><div class='ff-el-input--content'><input type=\"email\" name=\"email\" id=\"ff_1_email\" class=\"ff-el-form-control\" placeholder=\"Email Address\" data-name=\"email\"  aria-invalid=\"false\" aria-required=true><\/div><\/div><div class='ff-el-group'><div class=\"ff-el-input--label ff-el-is-required asterisk-right\"><label for='ff_1_subject' id='label_ff_1_subject' aria-label=\"Subject\">Subject<\/label><\/div><div class='ff-el-input--content'><input type=\"text\" name=\"subject\" class=\"ff-el-form-control\" placeholder=\"Subject\" data-name=\"subject\" id=\"ff_1_subject\"  aria-invalid=\"false\" aria-required=true><\/div><\/div><div class='ff-el-group'><div class=\"ff-el-input--label ff-el-is-required asterisk-right\"><label for='ff_1_dropdown' id='label_ff_1_dropdown' aria-label=\"What service of mine are you interested in? \/ Que servicio te Interesa \/ Quel service de mon entreprise vous int\u00e9resse ?\">What service of mine are you interested in? \/ Que servicio te Interesa \/ Quel service de mon entreprise vous int\u00e9resse ?<\/label><\/div><div class='ff-el-input--content'><select name=\"dropdown\" id=\"ff_1_dropdown\" class=\"ff-el-form-control\" data-name=\"dropdown\" data-calc_value=\"0\"  aria-invalid=\"false\" aria-required=\"true\" aria-labelledby=\"label_ff_1_dropdown\"><option value=\"\">Select one option \/ Seleccione una opcion \/ S\u00e9lectionnez une option<\/option><option value=\"Surf Lessons \/ Lecciones de surf \/ Cours de surf\"  >Surf Lessons \/ Lecciones de surf \/ Cours de surf<\/option><option value=\"Manual Therapy \/ Terapia Fisica \/ Th\u00e9rapie manuelle\"  >Manual Therapy \/ Terapia Fisica \/ Th\u00e9rapie manuelle<\/option><option value=\"Surfboard Rent \/ Renta de tabla \/ Location de planche\"  >Surfboard Rent \/ Renta de tabla \/ Location de planche<\/option><\/select><\/div><\/div><div class='ff-el-group'><div class=\"ff-el-input--label ff-el-is-required asterisk-right\"><label for='ff_1_message' id='label_ff_1_message' aria-label=\"Your Message \/ Tu mensaje \/ Votre Message\">Your Message \/ Tu mensaje \/ Votre Message<\/label><\/div><div class='ff-el-input--content'><textarea aria-required=\"true\" aria-labelledby=\"label_ff_1_message\" name=\"message\" id=\"ff_1_message\" class=\"ff-el-form-control\" placeholder=\"Your Message\" rows=\"4\" cols=\"2\" data-name=\"message\" ><\/textarea><\/div><\/div><div class='ff-el-group ' ><div class='ff-el-input--content'><div data-fluent_id='1' name='h-captcha-response'><div\n\t\tdata-sitekey='005d0378-7596-4677-9390-d714f86dd7f8'\n\t\tid='fluentform-hcaptcha-1-1'\n\t\tclass='ff-el-hcaptcha h-captcha'><\/div><\/div><\/div><\/div><div class='ff-el-group ff-text-left ff_submit_btn_wrapper'><button type=\"submit\" class=\"ff-btn ff-btn-submit ff-btn-md ff_btn_style\"  aria-label=\"Submit Form\">Submit Form<\/button><\/div><\/fieldset><\/form><div id='fluentform_1_errors' class='ff-errors-in-stack ff_form_instance_1_1 ff-form-loading_errors ff_form_instance_1_1_errors'><\/div><\/div>            <script type=\"text\/javascript\">\n                window.fluent_form_ff_form_instance_1_1 = {\"id\":\"1\",\"settings\":{\"layout\":{\"labelPlacement\":\"top\",\"helpMessagePlacement\":\"with_label\",\"errorMessagePlacement\":\"inline\",\"cssClassName\":\"\",\"asteriskPlacement\":\"asterisk-right\"},\"restrictions\":{\"denyEmptySubmission\":{\"enabled\":false}}},\"form_instance\":\"ff_form_instance_1_1\",\"form_id_selector\":\"fluentform_1\",\"rules\":{\"names[first_name]\":{\"required\":{\"value\":false,\"message\":\"This field is required\",\"global\":false,\"global_message\":\"This field is required\"}},\"names[middle_name]\":{\"required\":{\"value\":false,\"message\":\"This field is required\",\"global\":false,\"global_message\":\"This field is required\"}},\"names[last_name]\":{\"required\":{\"value\":false,\"message\":\"This field is required\",\"global\":false,\"global_message\":\"This field is required\"}},\"email\":{\"required\":{\"value\":true,\"message\":\"This field is required\",\"global\":false,\"global_message\":\"This field is required\"},\"email\":{\"value\":true,\"message\":\"This field must contain a valid email\",\"global\":false,\"global_message\":\"This field must contain a valid email\"}},\"subject\":{\"required\":{\"value\":true,\"message\":\"This field is required\",\"global\":false,\"global_message\":\"This field is required\"}},\"dropdown\":{\"required\":{\"value\":true,\"message\":\"This field is required\",\"global_message\":\"This field is required\",\"global\":true}},\"message\":{\"required\":{\"value\":true,\"message\":\"Please fill all fields \\\/ Por favor llena todos los espacios \\\/ Veuillez remplir tous les champs\",\"global\":false,\"global_message\":\"This field is required\"}},\"h-captcha-response\":[]},\"debounce_time\":300};\n                            <\/script>\n            <\/div>\n<\/div>\n<p>&nbsp;<\/p>\n<\/div>\n","protected":false},"excerpt":{"rendered":"<p>&nbsp; Contactame \u00bfTiene usted alguna pregunta? \u00bfQuieres reservar tus clases de surf o excursiones de SUP conmigo? \u00bfO solo quieres saludar? Simplemente complete este formulario aqu\u00ed y te responder\u00e9 tan pronto como pueda. Tambi\u00e9n puedes llamar o enviar un mensaje de Whatsapp al tel\u00e9fono +506 8434 0444. &nbsp; &nbsp;<\/p>\n","protected":false},"author":1,"featured_media":0,"parent":0,"menu_order":0,"comment_status":"closed","ping_status":"closed","template":"","meta":{"footnotes":""},"class_list":["post-1243","page","type-page","status-publish","hentry"],"yoast_head":"<!-- This site is optimized with the Yoast SEO plugin v25.3.1 - https:\/\/yoast.com\/wordpress\/plugins\/seo\/ -->\n<title>Contactame - Costa Rica Surf and Up<\/title>\n<meta name=\"description\" content=\"Contactame a trav\u00e9s de este sencillo formulario, me gustar\u00eda saber de ti y leer tus mensajes. \u00a1No lo dudes, rellena el formulario!\" \/>\n<meta name=\"robots\" content=\"index, follow, max-snippet:-1, max-image-preview:large, max-video-preview:-1\" \/>\n<link rel=\"canonical\" href=\"https:\/\/www.costaricasurfandsup.com\/sitio\/es\/contactame\/\" \/>\n<script type=\"application\/ld+json\" class=\"yoast-schema-graph\">{\"@context\":\"https:\/\/schema.org\",\"@graph\":[{\"@type\":\"WebPage\",\"@id\":\"https:\/\/www.costaricasurfandsup.com\/sitio\/es\/contactame\/\",\"url\":\"https:\/\/www.costaricasurfandsup.com\/sitio\/es\/contactame\/\",\"name\":\"Contactame - Costa Rica Surf and Up\",\"isPartOf\":{\"@id\":\"https:\/\/www.costaricasurfandsup.com\/sitio\/#website\"},\"datePublished\":\"2022-05-26T04:30:31+00:00\",\"dateModified\":\"2026-01-08T02:47:52+00:00\",\"description\":\"Contactame a trav\u00e9s de este sencillo formulario, me gustar\u00eda saber de ti y leer tus mensajes. \u00a1No lo dudes, rellena el formulario!\",\"breadcrumb\":{\"@id\":\"https:\/\/www.costaricasurfandsup.com\/sitio\/es\/contactame\/#breadcrumb\"},\"inLanguage\":\"en-US\",\"potentialAction\":[{\"@type\":\"ReadAction\",\"target\":[\"https:\/\/www.costaricasurfandsup.com\/sitio\/es\/contactame\/\"]}]},{\"@type\":\"BreadcrumbList\",\"@id\":\"https:\/\/www.costaricasurfandsup.com\/sitio\/es\/contactame\/#breadcrumb\",\"itemListElement\":[{\"@type\":\"ListItem\",\"position\":1,\"name\":\"Home\",\"item\":\"https:\/\/www.costaricasurfandsup.com\/sitio\/en\/surf-lessons\/\"},{\"@type\":\"ListItem\",\"position\":2,\"name\":\"Contactame\"}]},{\"@type\":\"WebSite\",\"@id\":\"https:\/\/www.costaricasurfandsup.com\/sitio\/#website\",\"url\":\"https:\/\/www.costaricasurfandsup.com\/sitio\/\",\"name\":\"Costa Rica Surf and Up\",\"description\":\"Surf and Sup in Santa Teresa in Costa Rica\",\"potentialAction\":[{\"@type\":\"SearchAction\",\"target\":{\"@type\":\"EntryPoint\",\"urlTemplate\":\"https:\/\/www.costaricasurfandsup.com\/sitio\/?s={search_term_string}\"},\"query-input\":{\"@type\":\"PropertyValueSpecification\",\"valueRequired\":true,\"valueName\":\"search_term_string\"}}],\"inLanguage\":\"en-US\"}]}<\/script>\n<!-- \/ Yoast SEO plugin. -->","yoast_head_json":{"title":"Contactame - Costa Rica Surf and Up","description":"Contactame a trav\u00e9s de este sencillo formulario, me gustar\u00eda saber de ti y leer tus mensajes. \u00a1No lo dudes, rellena el formulario!","robots":{"index":"index","follow":"follow","max-snippet":"max-snippet:-1","max-image-preview":"max-image-preview:large","max-video-preview":"max-video-preview:-1"},"canonical":"https:\/\/www.costaricasurfandsup.com\/sitio\/es\/contactame\/","schema":{"@context":"https:\/\/schema.org","@graph":[{"@type":"WebPage","@id":"https:\/\/www.costaricasurfandsup.com\/sitio\/es\/contactame\/","url":"https:\/\/www.costaricasurfandsup.com\/sitio\/es\/contactame\/","name":"Contactame - Costa Rica Surf and Up","isPartOf":{"@id":"https:\/\/www.costaricasurfandsup.com\/sitio\/#website"},"datePublished":"2022-05-26T04:30:31+00:00","dateModified":"2026-01-08T02:47:52+00:00","description":"Contactame a trav\u00e9s de este sencillo formulario, me gustar\u00eda saber de ti y leer tus mensajes. \u00a1No lo dudes, rellena el formulario!","breadcrumb":{"@id":"https:\/\/www.costaricasurfandsup.com\/sitio\/es\/contactame\/#breadcrumb"},"inLanguage":"en-US","potentialAction":[{"@type":"ReadAction","target":["https:\/\/www.costaricasurfandsup.com\/sitio\/es\/contactame\/"]}]},{"@type":"BreadcrumbList","@id":"https:\/\/www.costaricasurfandsup.com\/sitio\/es\/contactame\/#breadcrumb","itemListElement":[{"@type":"ListItem","position":1,"name":"Home","item":"https:\/\/www.costaricasurfandsup.com\/sitio\/en\/surf-lessons\/"},{"@type":"ListItem","position":2,"name":"Contactame"}]},{"@type":"WebSite","@id":"https:\/\/www.costaricasurfandsup.com\/sitio\/#website","url":"https:\/\/www.costaricasurfandsup.com\/sitio\/","name":"Costa Rica Surf and Up","description":"Surf and Sup in Santa Teresa in Costa Rica","potentialAction":[{"@type":"SearchAction","target":{"@type":"EntryPoint","urlTemplate":"https:\/\/www.costaricasurfandsup.com\/sitio\/?s={search_term_string}"},"query-input":{"@type":"PropertyValueSpecification","valueRequired":true,"valueName":"search_term_string"}}],"inLanguage":"en-US"}]}},"_links":{"self":[{"href":"https:\/\/www.costaricasurfandsup.com\/sitio\/wp-json\/wp\/v2\/pages\/1243"}],"collection":[{"href":"https:\/\/www.costaricasurfandsup.com\/sitio\/wp-json\/wp\/v2\/pages"}],"about":[{"href":"https:\/\/www.costaricasurfandsup.com\/sitio\/wp-json\/wp\/v2\/types\/page"}],"author":[{"embeddable":true,"href":"https:\/\/www.costaricasurfandsup.com\/sitio\/wp-json\/wp\/v2\/users\/1"}],"replies":[{"embeddable":true,"href":"https:\/\/www.costaricasurfandsup.com\/sitio\/wp-json\/wp\/v2\/comments?post=1243"}],"version-history":[{"count":5,"href":"https:\/\/www.costaricasurfandsup.com\/sitio\/wp-json\/wp\/v2\/pages\/1243\/revisions"}],"predecessor-version":[{"id":2225,"href":"https:\/\/www.costaricasurfandsup.com\/sitio\/wp-json\/wp\/v2\/pages\/1243\/revisions\/2225"}],"wp:attachment":[{"href":"https:\/\/www.costaricasurfandsup.com\/sitio\/wp-json\/wp\/v2\/media?parent=1243"}],"curies":[{"name":"wp","href":"https:\/\/api.w.org\/{rel}","templated":true}]}}